{"id":7,"date":"2025-12-29T03:28:53","date_gmt":"2025-12-29T03:28:53","guid":{"rendered":"https:\/\/tonikeramik.ch\/?page_id=7"},"modified":"2025-12-29T03:54:14","modified_gmt":"2025-12-29T03:54:14","slug":"coming-soon","status":"publish","type":"page","link":"https:\/\/tonikeramik.ch\/?page_id=7","title":{"rendered":"Coming Soon &#8211; Toni Keramic"},"content":{"rendered":"\t\t<div data-elementor-type=\"wp-page\" data-elementor-id=\"7\" class=\"elementor elementor-7\" data-elementor-post-type=\"page\">\n\t\t\t\t<div class=\"elementor-element elementor-element-302f03c8 e-flex e-con-boxed e-con e-parent\" data-id=\"302f03c8\" data-element_type=\"container\" data-settings=\"{&quot;background_background&quot;:&quot;classic&quot;}\">\n\t\t\t\t\t<div class=\"e-con-inner\">\n\t\t<div class=\"elementor-element elementor-element-7ebbb44 e-con-full e-flex e-con e-child\" data-id=\"7ebbb44\" data-element_type=\"container\">\n\t\t\t\t<div class=\"elementor-element elementor-element-cd05297 elementor-widget elementor-widget-image\" data-id=\"cd05297\" data-element_type=\"widget\" data-widget_type=\"image.default\">\n\t\t\t\t\t\t\t\t\t\t\t\t\t\t\t<img fetchpriority=\"high\" decoding=\"async\" width=\"940\" height=\"419\" src=\"https:\/\/tonikeramik.ch\/wp-content\/uploads\/2025\/12\/1.png\" class=\"attachment-large size-large wp-image-8\" alt=\"\" srcset=\"https:\/\/tonikeramik.ch\/wp-content\/uploads\/2025\/12\/1.png 940w, https:\/\/tonikeramik.ch\/wp-content\/uploads\/2025\/12\/1-300x134.png 300w, https:\/\/tonikeramik.ch\/wp-content\/uploads\/2025\/12\/1-768x342.png 768w\" sizes=\"(max-width: 940px) 100vw, 940px\" \/>\t\t\t\t\t\t\t\t\t\t\t\t\t\t\t<\/div>\n\t\t\t\t<\/div>\n\t\t<div class=\"elementor-element elementor-element-832a916 e-con-full e-flex e-con e-child\" data-id=\"832a916\" data-element_type=\"container\">\n\t\t\t\t<div class=\"elementor-element elementor-element-ec2dfca elementor-widget elementor-widget-heading\" data-id=\"ec2dfca\" data-element_type=\"widget\" data-widget_type=\"heading.default\">\n\t\t\t\t\t<h2 class=\"elementor-heading-title elementor-size-default\">Unsere Website kommt bald\n\nWir sind Experten f\u00fcr Umbau, Renovationen sowie hochwertige Boden- und Wandbel\u00e4ge.\nDerzeit arbeiten wir an unserer neuen Website, um Ihnen schon bald unser vollst\u00e4ndiges Leistungsspektrum pr\u00e4sentieren zu k\u00f6nnen.<\/h2>\t\t\t\t<\/div>\n\t\t\t\t<\/div>\n\t\t<div class=\"elementor-element elementor-element-51cee6e e-con-full e-flex e-con e-child\" data-id=\"51cee6e\" data-element_type=\"container\">\n\t\t\t\t<div class=\"elementor-element elementor-element-1a95726 elementor-widget elementor-widget-heading\" data-id=\"1a95726\" data-element_type=\"widget\" data-widget_type=\"heading.default\">\n\t\t\t\t\t<h2 class=\"elementor-heading-title elementor-size-default\">Wir sind bald f\u00fcr Sie online.\nBesuchen Sie uns in K\u00fcrze \u2013 Qualit\u00e4t und Handwerk auf h\u00f6chstem Niveau.<\/h2>\t\t\t\t<\/div>\n\t\t\t\t<\/div>\n\t\t\t\t\t<\/div>\n\t\t\t\t<\/div>\n\t\t\t\t<\/div>\n\t\t","protected":false},"excerpt":{"rendered":"<p>Unsere Website kommt bald Wir sind Experten f\u00fcr Umbau, Renovationen sowie hochwertige Boden- und Wandbel\u00e4ge. Derzeit arbeiten wir an unserer neuen Website, um Ihnen schon bald unser vollst\u00e4ndiges Leistungsspektrum pr\u00e4sentieren zu k\u00f6nnen. Wir sind bald f\u00fcr Sie online. Besuchen Sie uns in K\u00fcrze \u2013 Qualit\u00e4t und Handwerk auf h\u00f6chstem Niveau.<\/p>\n","protected":false},"author":1,"featured_media":0,"parent":0,"menu_order":0,"comment_status":"closed","ping_status":"closed","template":"elementor_canvas","meta":{"footnotes":""},"class_list":["post-7","page","type-page","status-publish","hentry"],"_links":{"self":[{"href":"https:\/\/tonikeramik.ch\/index.php?rest_route=\/wp\/v2\/pages\/7","targetHints":{"allow":["GET"]}}],"collection":[{"href":"https:\/\/tonikeramik.ch\/index.php?rest_route=\/wp\/v2\/pages"}],"about":[{"href":"https:\/\/tonikeramik.ch\/index.php?rest_route=\/wp\/v2\/types\/page"}],"author":[{"embeddable":true,"href":"https:\/\/tonikeramik.ch\/index.php?rest_route=\/wp\/v2\/users\/1"}],"replies":[{"embeddable":true,"href":"https:\/\/tonikeramik.ch\/index.php?rest_route=%2Fwp%2Fv2%2Fcomments&post=7"}],"version-history":[{"count":9,"href":"https:\/\/tonikeramik.ch\/index.php?rest_route=\/wp\/v2\/pages\/7\/revisions"}],"predecessor-version":[{"id":21,"href":"https:\/\/tonikeramik.ch\/index.php?rest_route=\/wp\/v2\/pages\/7\/revisions\/21"}],"wp:attachment":[{"href":"https:\/\/tonikeramik.ch\/index.php?rest_route=%2Fwp%2Fv2%2Fmedia&parent=7"}],"curies":[{"name":"wp","href":"https:\/\/api.w.org\/{rel}","templated":true}]}}